{"id":150,"date":"2023-12-14T16:50:20","date_gmt":"2023-12-14T16:50:20","guid":{"rendered":"https:\/\/castel-templulcavalerilor.ro\/?page_id=150"},"modified":"2023-12-25T22:55:31","modified_gmt":"2023-12-25T22:55:31","slug":"cazare-restaurant","status":"publish","type":"page","link":"https:\/\/castel-templulcavalerilor.ro\/?page_id=150","title":{"rendered":"Istoric"},"content":{"rendered":"\t\t<div data-elementor-type=\"wp-page\" data-elementor-id=\"150\" class=\"elementor elementor-150\" data-elementor-post-type=\"page\">\n\t\t\t\t\t\t\t<div class=\"elementor-element elementor-element-4b212e6 e-flex e-con-boxed e-con e-parent\" data-id=\"4b212e6\" data-element_type=\"container\" data-settings=\"{&quot;background_background&quot;:&quot;classic&quot;,&quot;content_width&quot;:&quot;boxed&quot;}\" data-core-v316-plus=\"true\">\n\t\t\t\t\t<div class=\"e-con-inner\">\n\t\t<div class=\"elementor-element elementor-element-141dcc8 e-con-full e-flex e-con e-child\" data-id=\"141dcc8\" data-element_type=\"container\" data-settings=\"{&quot;content_width&quot;:&quot;full&quot;}\">\n\t\t\t\t<div class=\"elementor-element elementor-element-08aea2a elementor-widget-divider--view-line elementor-widget elementor-widget-divider\" data-id=\"08aea2a\" data-element_type=\"widget\" data-widget_type=\"divider.default\">\n\t\t\t\t<div class=\"elementor-widget-container\">\n\t\t\t<style>\/*! elementor - v3.18.0 - 08-12-2023 *\/\n.elementor-widget-divider{--divider-border-style:none;--divider-border-width:1px;--divider-color:#0c0d0e;--divider-icon-size:20px;--divider-element-spacing:10px;--divider-pattern-height:24px;--divider-pattern-size:20px;--divider-pattern-url:none;--divider-pattern-repeat:repeat-x}.elementor-widget-divider .elementor-divider{display:flex}.elementor-widget-divider .elementor-divider__text{font-size:15px;line-height:1;max-width:95%}.elementor-widget-divider .elementor-divider__element{margin:0 var(--divider-element-spacing);flex-shrink:0}.elementor-widget-divider .elementor-icon{font-size:var(--divider-icon-size)}.elementor-widget-divider .elementor-divider-separator{display:flex;margin:0;direction:ltr}.elementor-widget-divider--view-line_icon .elementor-divider-separator,.elementor-widget-divider--view-line_text .elementor-divider-separator{align-items:center}.elementor-widget-divider--view-line_icon .elementor-divider-separator:after,.elementor-widget-divider--view-line_icon .elementor-divider-separator:before,.elementor-widget-divider--view-line_text .elementor-divider-separator:after,.elementor-widget-divider--view-line_text .elementor-divider-separator:before{display:block;content:\"\";border-bottom:0;flex-grow:1;border-top:var(--divider-border-width) var(--divider-border-style) var(--divider-color)}.elementor-widget-divider--element-align-left .elementor-divider .elementor-divider-separator>.elementor-divider__svg:first-of-type{flex-grow:0;flex-shrink:100}.elementor-widget-divider--element-align-left .elementor-divider-separator:before{content:none}.elementor-widget-divider--element-align-left .elementor-divider__element{margin-left:0}.elementor-widget-divider--element-align-right .elementor-divider .elementor-divider-separator>.elementor-divider__svg:last-of-type{flex-grow:0;flex-shrink:100}.elementor-widget-divider--element-align-right .elementor-divider-separator:after{content:none}.elementor-widget-divider--element-align-right .elementor-divider__element{margin-right:0}.elementor-widget-divider:not(.elementor-widget-divider--view-line_text):not(.elementor-widget-divider--view-line_icon) .elementor-divider-separator{border-top:var(--divider-border-width) var(--divider-border-style) var(--divider-color)}.elementor-widget-divider--separator-type-pattern{--divider-border-style:none}.elementor-widget-divider--separator-type-pattern.elementor-widget-divider--view-line .elementor-divider-separator,.elementor-widget-divider--separator-type-pattern:not(.elementor-widget-divider--view-line) .elementor-divider-separator:after,.elementor-widget-divider--separator-type-pattern:not(.elementor-widget-divider--view-line) .elementor-divider-separator:before,.elementor-widget-divider--separator-type-pattern:not([class*=elementor-widget-divider--view]) .elementor-divider-separator{width:100%;min-height:var(--divider-pattern-height);-webkit-mask-size:var(--divider-pattern-size) 100%;mask-size:var(--divider-pattern-size) 100%;-webkit-mask-repeat:var(--divider-pattern-repeat);mask-repeat:var(--divider-pattern-repeat);background-color:var(--divider-color);-webkit-mask-image:var(--divider-pattern-url);mask-image:var(--divider-pattern-url)}.elementor-widget-divider--no-spacing{--divider-pattern-size:auto}.elementor-widget-divider--bg-round{--divider-pattern-repeat:round}.rtl .elementor-widget-divider .elementor-divider__text{direction:rtl}.e-con-inner>.elementor-widget-divider,.e-con>.elementor-widget-divider{width:var(--container-widget-width,100%);--flex-grow:var(--container-widget-flex-grow)}<\/style>\t\t<div class=\"elementor-divider\">\n\t\t\t<span class=\"elementor-divider-separator\">\n\t\t\t\t\t\t<\/span>\n\t\t<\/div>\n\t\t\t\t<\/div>\n\t\t\t\t<\/div>\n\t\t\t\t<div class=\"elementor-element elementor-element-048fea3 elementor-widget elementor-widget-heading\" data-id=\"048fea3\" data-element_type=\"widget\" data-widget_type=\"heading.default\">\n\t\t\t\t<div class=\"elementor-widget-container\">\n\t\t\t<style>\/*! elementor - v3.18.0 - 08-12-2023 *\/\n.elementor-heading-title{padding:0;margin:0;line-height:1}.elementor-widget-heading .elementor-heading-title[class*=elementor-size-]>a{color:inherit;font-size:inherit;line-height:inherit}.elementor-widget-heading .elementor-heading-title.elementor-size-small{font-size:15px}.elementor-widget-heading .elementor-heading-title.elementor-size-medium{font-size:19px}.elementor-widget-heading .elementor-heading-title.elementor-size-large{font-size:29px}.elementor-widget-heading .elementor-heading-title.elementor-size-xl{font-size:39px}.elementor-widget-heading .elementor-heading-title.elementor-size-xxl{font-size:59px}<\/style><h2 class=\"elementor-heading-title elementor-size-default\">Istoric<\/h2>\t\t<\/div>\n\t\t\t\t<\/div>\n\t\t\t\t<\/div>\n\t\t<div class=\"elementor-element elementor-element-fc6135e e-con-full elementor-hidden-mobile e-flex e-con e-child\" data-id=\"fc6135e\" data-element_type=\"container\" data-settings=\"{&quot;content_width&quot;:&quot;full&quot;}\">\n\t\t\t\t<\/div>\n\t\t\t\t\t<\/div>\n\t\t\t\t<\/div>\n\t\t\t\t<section class=\"elementor-section elementor-top-section elementor-element elementor-element-3732cf5 elementor-section-content-middle elementor-section-boxed elementor-section-height-default elementor-section-height-default\" data-id=\"3732cf5\" data-element_type=\"section\" data-settings=\"{&quot;background_background&quot;:&quot;classic&quot;,&quot;_ha_eqh_enable&quot;:false}\">\n\t\t\t\t\t\t\t<div class=\"elementor-background-overlay\"><\/div>\n\t\t\t\t\t\t\t<div class=\"elementor-container elementor-column-gap-no\">\n\t\t\t\t\t<div class=\"elementor-column elementor-col-100 elementor-top-column elementor-element elementor-element-2629567f\" data-id=\"2629567f\" data-element_type=\"column\" data-settings=\"{&quot;background_background&quot;:&quot;classic&quot;}\">\n\t\t\t<div class=\"elementor-widget-wrap elementor-element-populated\">\n\t\t\t\t\t\t\t\t<section class=\"elementor-section elementor-inner-section elementor-element elementor-element-6614620f elementor-section-content-middle elementor-reverse-tablet elementor-section-boxed elementor-section-height-default elementor-section-height-default\" data-id=\"6614620f\" data-element_type=\"section\" data-settings=\"{&quot;_ha_eqh_enable&quot;:false}\">\n\t\t\t\t\t\t<div class=\"elementor-container elementor-column-gap-wider\">\n\t\t\t\t\t<div class=\"elementor-column elementor-col-50 elementor-inner-column elementor-element elementor-element-687a56e6\" data-id=\"687a56e6\" data-element_type=\"column\">\n\t\t\t<div class=\"elementor-widget-wrap elementor-element-populated\">\n\t\t\t\t\t\t\t\t<div class=\"elementor-element elementor-element-2c486f75 elementor-widget elementor-widget-image\" data-id=\"2c486f75\" data-element_type=\"widget\" data-widget_type=\"image.default\">\n\t\t\t\t<div class=\"elementor-widget-container\">\n\t\t\t<style>\/*! elementor - v3.18.0 - 08-12-2023 *\/\n.elementor-widget-image{text-align:center}.elementor-widget-image a{display:inline-block}.elementor-widget-image a img[src$=\".svg\"]{width:48px}.elementor-widget-image img{vertical-align:middle;display:inline-block}<\/style>\t\t\t\t\t\t\t\t\t\t\t\t<img decoding=\"async\" src=\"https:\/\/castel-templulcavalerilor.ro\/wp-content\/uploads\/elementor\/thumbs\/poza4-qgswphhejdf3n72geayyekzag8jk030z6i5u2lt00o.jpg\" title=\"poza4\" alt=\"poza4\" loading=\"lazy\" \/>\t\t\t\t\t\t\t\t\t\t\t\t\t\t\t<\/div>\n\t\t\t\t<\/div>\n\t\t\t\t\t<\/div>\n\t\t<\/div>\n\t\t\t\t<div class=\"elementor-column elementor-col-50 elementor-inner-column elementor-element elementor-element-318da9b5\" data-id=\"318da9b5\" data-element_type=\"column\">\n\t\t\t<div class=\"elementor-widget-wrap elementor-element-populated\">\n\t\t\t\t\t\t\t\t<div class=\"elementor-element elementor-element-2ded4136 elementor-invisible elementor-widget elementor-widget-heading\" data-id=\"2ded4136\" data-element_type=\"widget\" data-settings=\"{&quot;_animation&quot;:&quot;fadeIn&quot;,&quot;_animation_delay&quot;:100}\" data-widget_type=\"heading.default\">\n\t\t\t\t<div class=\"elementor-widget-container\">\n\t\t\t<h4 class=\"elementor-heading-title elementor-size-default\">Descoper\u0103 istoria \u0219i frumuse\u021bea castelului <\/h4>\t\t<\/div>\n\t\t\t\t<\/div>\n\t\t\t\t<div class=\"elementor-element elementor-element-10f2c400 elementor-widget-divider--view-line elementor-widget elementor-widget-divider\" data-id=\"10f2c400\" data-element_type=\"widget\" data-widget_type=\"divider.default\">\n\t\t\t\t<div class=\"elementor-widget-container\">\n\t\t\t\t\t<div class=\"elementor-divider\">\n\t\t\t<span class=\"elementor-divider-separator\">\n\t\t\t\t\t\t<\/span>\n\t\t<\/div>\n\t\t\t\t<\/div>\n\t\t\t\t<\/div>\n\t\t\t\t<div class=\"elementor-element elementor-element-593384c7 elementor-widget elementor-widget-text-editor\" data-id=\"593384c7\" data-element_type=\"widget\" data-widget_type=\"text-editor.default\">\n\t\t\t\t<div class=\"elementor-widget-container\">\n\t\t\t<style>\/*! elementor - v3.18.0 - 08-12-2023 *\/\n.elementor-widget-text-editor.elementor-drop-cap-view-stacked .elementor-drop-cap{background-color:#69727d;color:#fff}.elementor-widget-text-editor.elementor-drop-cap-view-framed .elementor-drop-cap{color:#69727d;border:3px solid;background-color:transparent}.elementor-widget-text-editor:not(.elementor-drop-cap-view-default) .elementor-drop-cap{margin-top:8px}.elementor-widget-text-editor:not(.elementor-drop-cap-view-default) .elementor-drop-cap-letter{width:1em;height:1em}.elementor-widget-text-editor .elementor-drop-cap{float:left;text-align:center;line-height:1;font-size:50px}.elementor-widget-text-editor .elementor-drop-cap-letter{display:inline-block}<\/style>\t\t\t\t<p>Castel \u201cTemplul Cavalerilor\u201d este situat \u00een zona Mun\u0163ilor Trasc\u0103u din jude\u0163ul Alba,\u00a0 la mai pu\u021bin de 10 minute de mers cu ma\u0219ina dinspre Aiud pe DJ107M \u0219i aproximativ o or\u0103 de mers cu ma\u0219ina\u00a0 dinspre Cluj.<\/p><p><strong>\u00a0<\/strong>Construc\u0163ia este amplasat\u0103 \u00eentr-un decor natural spectaculos, \u00eenconjurat\u0103 de pere\u0163i st\u00e2nco\u015fi de peste 100 de metri care formeaz\u0103 un spa\u0163iu perfect de autoap\u0103rare. Din acest motiv a \u015fi fost construit castelul \u00een acea loca\u021bie, \u00een anul 1320, de un nobil care locuia \u00een zon\u0103. La origine, a fost punct de vam\u0103 al Imperiului Austro-Ungar.<\/p>\t\t\t\t\t\t<\/div>\n\t\t\t\t<\/div>\n\t\t\t\t\t<\/div>\n\t\t<\/div>\n\t\t\t\t\t\t\t<\/div>\n\t\t<\/section>\n\t\t\t\t<section class=\"elementor-section elementor-inner-section elementor-element elementor-element-6ab0061 elementor-section-content-middle elementor-reverse-tablet elementor-section-boxed elementor-section-height-default elementor-section-height-default\" data-id=\"6ab0061\" data-element_type=\"section\" data-settings=\"{&quot;_ha_eqh_enable&quot;:false}\">\n\t\t\t\t\t\t<div class=\"elementor-container elementor-column-gap-wider\">\n\t\t\t\t\t<div class=\"elementor-column elementor-col-50 elementor-inner-column elementor-element elementor-element-e928f8c\" data-id=\"e928f8c\" data-element_type=\"column\">\n\t\t\t<div class=\"elementor-widget-wrap elementor-element-populated\">\n\t\t\t\t\t\t\t\t<div class=\"elementor-element elementor-element-b779718 elementor-widget-divider--view-line elementor-widget elementor-widget-divider\" data-id=\"b779718\" data-element_type=\"widget\" data-widget_type=\"divider.default\">\n\t\t\t\t<div class=\"elementor-widget-container\">\n\t\t\t\t\t<div class=\"elementor-divider\">\n\t\t\t<span class=\"elementor-divider-separator\">\n\t\t\t\t\t\t<\/span>\n\t\t<\/div>\n\t\t\t\t<\/div>\n\t\t\t\t<\/div>\n\t\t\t\t<div class=\"elementor-element elementor-element-992d116 elementor-widget elementor-widget-text-editor\" data-id=\"992d116\" data-element_type=\"widget\" data-widget_type=\"text-editor.default\">\n\t\t\t\t<div class=\"elementor-widget-container\">\n\t\t\t\t\t\t\t<p>Dup\u0103 1918 castelul a devenit una dintre cele mai cunoscute cazarme ale solda\u021bilor rom\u00e2ni, fiind \u0219i tab\u0103r\u0103 de antrenamente \u0219i un punct strategic de ap\u0103rare. Regele Mihai al Rom\u00e2niei a stat o perioad\u0103 din armat\u0103 la castelul din Trasc\u0103u. A ajuns ruin\u0103 \u00een timpul celui de-al Doilea R\u0103zboi Mondial, ulterior fiind reconstruit, a primit din nou, par\u021bial, aspectul medieval.<\/p><p>\u00a0<\/p><p>Vechiul castel din piatr\u0103, cu o vechime de aproape 700 de ani, a fost cump\u0103rat \u00een anii \u201890 la o licita\u021bie \u0219i transformat \u00een hotel. Acesta este \u00eenc\u0103 \u00een renovare.<\/p>\t\t\t\t\t\t<\/div>\n\t\t\t\t<\/div>\n\t\t\t\t\t<\/div>\n\t\t<\/div>\n\t\t\t\t<div class=\"elementor-column elementor-col-50 elementor-inner-column elementor-element elementor-element-25e9477\" data-id=\"25e9477\" data-element_type=\"column\">\n\t\t\t<div class=\"elementor-widget-wrap elementor-element-populated\">\n\t\t\t\t\t\t\t\t<div class=\"elementor-element elementor-element-9368174 elementor-widget elementor-widget-image\" data-id=\"9368174\" data-element_type=\"widget\" data-widget_type=\"image.default\">\n\t\t\t\t<div class=\"elementor-widget-container\">\n\t\t\t\t\t\t\t\t\t\t\t\t\t\t\t<img decoding=\"async\" src=\"https:\/\/castel-templulcavalerilor.ro\/wp-content\/uploads\/elementor\/thumbs\/poza_istoric-qgt69kaka4fpkj9x818k4r7mnwmjnezr5j6gazmyc8.jpg\" title=\"poza_istoric\" alt=\"poza_istoric\" loading=\"lazy\" \/>\t\t\t\t\t\t\t\t\t\t\t\t\t\t\t<\/div>\n\t\t\t\t<\/div>\n\t\t\t\t\t<\/div>\n\t\t<\/div>\n\t\t\t\t\t\t\t<\/div>\n\t\t<\/section>\n\t\t\t\t\t<\/div>\n\t\t<\/div>\n\t\t\t\t\t\t\t<\/div>\n\t\t<\/section>\n\t\t\t\t\t\t\t<\/div>\n\t\t","protected":false},"excerpt":{"rendered":"<p>Istoric Descoper\u0103 istoria \u0219i frumuse\u021bea castelului Castel \u201cTemplul Cavalerilor\u201d este situat \u00een zona Mun\u0163ilor Trasc\u0103u din jude\u0163ul Alba,\u00a0 la mai pu\u021bin de 10 minute de mers cu ma\u0219ina dinspre Aiud pe DJ107M \u0219i aproximativ o or\u0103 de mers cu ma\u0219ina\u00a0 dinspre Cluj. \u00a0Construc\u0163ia este amplasat\u0103 \u00eentr-un decor natural spectaculos, \u00eenconjurat\u0103 de pere\u0163i st\u00e2nco\u015fi de peste [&hellip;]<\/p>\n","protected":false},"author":1,"featured_media":0,"parent":0,"menu_order":0,"comment_status":"closed","ping_status":"closed","template":"elementor_header_footer","meta":{"footnotes":""},"class_list":["post-150","page","type-page","status-publish","hentry"],"yoast_head":"<!-- This site is optimized with the Yoast SEO plugin v21.7 - https:\/\/yoast.com\/wordpress\/plugins\/seo\/ -->\n<title>Istoric - Castel Templul Cavalerilor<\/title>\n<meta name=\"robots\" content=\"index, follow, max-snippet:-1, max-image-preview:large, max-video-preview:-1\" \/>\n<link rel=\"canonical\" href=\"https:\/\/castel-templulcavalerilor.ro\/?page_id=150\" \/>\n<meta property=\"og:locale\" content=\"ro_RO\" \/>\n<meta property=\"og:type\" content=\"article\" \/>\n<meta property=\"og:title\" content=\"Istoric - Castel Templul Cavalerilor\" \/>\n<meta property=\"og:description\" content=\"Istoric Descoper\u0103 istoria \u0219i frumuse\u021bea castelului Castel \u201cTemplul Cavalerilor\u201d este situat \u00een zona Mun\u0163ilor Trasc\u0103u din jude\u0163ul Alba,\u00a0 la mai pu\u021bin de 10 minute de mers cu ma\u0219ina dinspre Aiud pe DJ107M \u0219i aproximativ o or\u0103 de mers cu ma\u0219ina\u00a0 dinspre Cluj. \u00a0Construc\u0163ia este amplasat\u0103 \u00eentr-un decor natural spectaculos, \u00eenconjurat\u0103 de pere\u0163i st\u00e2nco\u015fi de peste [&hellip;]\" \/>\n<meta property=\"og:url\" content=\"https:\/\/castel-templulcavalerilor.ro\/?page_id=150\" \/>\n<meta property=\"og:site_name\" content=\"Castel Templul Cavalerilor\" \/>\n<meta property=\"article:modified_time\" content=\"2023-12-25T22:55:31+00:00\" \/>\n<meta property=\"og:image\" content=\"https:\/\/castel-templulcavalerilor.ro\/wp-content\/uploads\/elementor\/thumbs\/poza4-qgswphhejdf3n72geayyekzag8jk030z6i5u2lt00o.jpg\" \/>\n<meta name=\"twitter:card\" content=\"summary_large_image\" \/>\n<meta name=\"twitter:label1\" content=\"Timp estimat pentru citire\" \/>\n\t<meta name=\"twitter:data1\" content=\"2 minute\" \/>\n<script type=\"application\/ld+json\" class=\"yoast-schema-graph\">{\"@context\":\"https:\/\/schema.org\",\"@graph\":[{\"@type\":\"WebPage\",\"@id\":\"https:\/\/castel-templulcavalerilor.ro\/?page_id=150\",\"url\":\"https:\/\/castel-templulcavalerilor.ro\/?page_id=150\",\"name\":\"Istoric - Castel Templul Cavalerilor\",\"isPartOf\":{\"@id\":\"https:\/\/castel-templulcavalerilor.ro\/#website\"},\"datePublished\":\"2023-12-14T16:50:20+00:00\",\"dateModified\":\"2023-12-25T22:55:31+00:00\",\"breadcrumb\":{\"@id\":\"https:\/\/castel-templulcavalerilor.ro\/?page_id=150#breadcrumb\"},\"inLanguage\":\"ro-RO\",\"potentialAction\":[{\"@type\":\"ReadAction\",\"target\":[\"https:\/\/castel-templulcavalerilor.ro\/?page_id=150\"]}]},{\"@type\":\"BreadcrumbList\",\"@id\":\"https:\/\/castel-templulcavalerilor.ro\/?page_id=150#breadcrumb\",\"itemListElement\":[{\"@type\":\"ListItem\",\"position\":1,\"name\":\"Prima pagin\u0103\",\"item\":\"https:\/\/castel-templulcavalerilor.ro\/\"},{\"@type\":\"ListItem\",\"position\":2,\"name\":\"Istoric\"}]},{\"@type\":\"WebSite\",\"@id\":\"https:\/\/castel-templulcavalerilor.ro\/#website\",\"url\":\"https:\/\/castel-templulcavalerilor.ro\/\",\"name\":\"Castel Templul Cavalerilor\",\"description\":\"Castel Templul Cavalerilor\",\"publisher\":{\"@id\":\"https:\/\/castel-templulcavalerilor.ro\/#organization\"},\"potentialAction\":[{\"@type\":\"SearchAction\",\"target\":{\"@type\":\"EntryPoint\",\"urlTemplate\":\"https:\/\/castel-templulcavalerilor.ro\/?s={search_term_string}\"},\"query-input\":\"required name=search_term_string\"}],\"inLanguage\":\"ro-RO\"},{\"@type\":\"Organization\",\"@id\":\"https:\/\/castel-templulcavalerilor.ro\/#organization\",\"name\":\"Castel Templul Cavalerilor\",\"url\":\"https:\/\/castel-templulcavalerilor.ro\/\",\"logo\":{\"@type\":\"ImageObject\",\"inLanguage\":\"ro-RO\",\"@id\":\"https:\/\/castel-templulcavalerilor.ro\/#\/schema\/logo\/image\/\",\"url\":\"https:\/\/castel-templulcavalerilor.ro\/wp-content\/uploads\/2023\/12\/Logo_castel.png\",\"contentUrl\":\"https:\/\/castel-templulcavalerilor.ro\/wp-content\/uploads\/2023\/12\/Logo_castel.png\",\"width\":156,\"height\":156,\"caption\":\"Castel Templul Cavalerilor\"},\"image\":{\"@id\":\"https:\/\/castel-templulcavalerilor.ro\/#\/schema\/logo\/image\/\"}}]}<\/script>\n<!-- \/ Yoast SEO plugin. -->","yoast_head_json":{"title":"Istoric - Castel Templul Cavalerilor","robots":{"index":"index","follow":"follow","max-snippet":"max-snippet:-1","max-image-preview":"max-image-preview:large","max-video-preview":"max-video-preview:-1"},"canonical":"https:\/\/castel-templulcavalerilor.ro\/?page_id=150","og_locale":"ro_RO","og_type":"article","og_title":"Istoric - Castel Templul Cavalerilor","og_description":"Istoric Descoper\u0103 istoria \u0219i frumuse\u021bea castelului Castel \u201cTemplul Cavalerilor\u201d este situat \u00een zona Mun\u0163ilor Trasc\u0103u din jude\u0163ul Alba,\u00a0 la mai pu\u021bin de 10 minute de mers cu ma\u0219ina dinspre Aiud pe DJ107M \u0219i aproximativ o or\u0103 de mers cu ma\u0219ina\u00a0 dinspre Cluj. \u00a0Construc\u0163ia este amplasat\u0103 \u00eentr-un decor natural spectaculos, \u00eenconjurat\u0103 de pere\u0163i st\u00e2nco\u015fi de peste [&hellip;]","og_url":"https:\/\/castel-templulcavalerilor.ro\/?page_id=150","og_site_name":"Castel Templul Cavalerilor","article_modified_time":"2023-12-25T22:55:31+00:00","og_image":[{"url":"https:\/\/castel-templulcavalerilor.ro\/wp-content\/uploads\/elementor\/thumbs\/poza4-qgswphhejdf3n72geayyekzag8jk030z6i5u2lt00o.jpg"}],"twitter_card":"summary_large_image","twitter_misc":{"Timp estimat pentru citire":"2 minute"},"schema":{"@context":"https:\/\/schema.org","@graph":[{"@type":"WebPage","@id":"https:\/\/castel-templulcavalerilor.ro\/?page_id=150","url":"https:\/\/castel-templulcavalerilor.ro\/?page_id=150","name":"Istoric - Castel Templul Cavalerilor","isPartOf":{"@id":"https:\/\/castel-templulcavalerilor.ro\/#website"},"datePublished":"2023-12-14T16:50:20+00:00","dateModified":"2023-12-25T22:55:31+00:00","breadcrumb":{"@id":"https:\/\/castel-templulcavalerilor.ro\/?page_id=150#breadcrumb"},"inLanguage":"ro-RO","potentialAction":[{"@type":"ReadAction","target":["https:\/\/castel-templulcavalerilor.ro\/?page_id=150"]}]},{"@type":"BreadcrumbList","@id":"https:\/\/castel-templulcavalerilor.ro\/?page_id=150#breadcrumb","itemListElement":[{"@type":"ListItem","position":1,"name":"Prima pagin\u0103","item":"https:\/\/castel-templulcavalerilor.ro\/"},{"@type":"ListItem","position":2,"name":"Istoric"}]},{"@type":"WebSite","@id":"https:\/\/castel-templulcavalerilor.ro\/#website","url":"https:\/\/castel-templulcavalerilor.ro\/","name":"Castel Templul Cavalerilor","description":"Castel Templul Cavalerilor","publisher":{"@id":"https:\/\/castel-templulcavalerilor.ro\/#organization"},"potentialAction":[{"@type":"SearchAction","target":{"@type":"EntryPoint","urlTemplate":"https:\/\/castel-templulcavalerilor.ro\/?s={search_term_string}"},"query-input":"required name=search_term_string"}],"inLanguage":"ro-RO"},{"@type":"Organization","@id":"https:\/\/castel-templulcavalerilor.ro\/#organization","name":"Castel Templul Cavalerilor","url":"https:\/\/castel-templulcavalerilor.ro\/","logo":{"@type":"ImageObject","inLanguage":"ro-RO","@id":"https:\/\/castel-templulcavalerilor.ro\/#\/schema\/logo\/image\/","url":"https:\/\/castel-templulcavalerilor.ro\/wp-content\/uploads\/2023\/12\/Logo_castel.png","contentUrl":"https:\/\/castel-templulcavalerilor.ro\/wp-content\/uploads\/2023\/12\/Logo_castel.png","width":156,"height":156,"caption":"Castel Templul Cavalerilor"},"image":{"@id":"https:\/\/castel-templulcavalerilor.ro\/#\/schema\/logo\/image\/"}}]}},"_links":{"self":[{"href":"https:\/\/castel-templulcavalerilor.ro\/index.php?rest_route=\/wp\/v2\/pages\/150","targetHints":{"allow":["GET"]}}],"collection":[{"href":"https:\/\/castel-templulcavalerilor.ro\/index.php?rest_route=\/wp\/v2\/pages"}],"about":[{"href":"https:\/\/castel-templulcavalerilor.ro\/index.php?rest_route=\/wp\/v2\/types\/page"}],"author":[{"embeddable":true,"href":"https:\/\/castel-templulcavalerilor.ro\/index.php?rest_route=\/wp\/v2\/users\/1"}],"replies":[{"embeddable":true,"href":"https:\/\/castel-templulcavalerilor.ro\/index.php?rest_route=%2Fwp%2Fv2%2Fcomments&post=150"}],"version-history":[{"count":29,"href":"https:\/\/castel-templulcavalerilor.ro\/index.php?rest_route=\/wp\/v2\/pages\/150\/revisions"}],"predecessor-version":[{"id":556,"href":"https:\/\/castel-templulcavalerilor.ro\/index.php?rest_route=\/wp\/v2\/pages\/150\/revisions\/556"}],"wp:attachment":[{"href":"https:\/\/castel-templulcavalerilor.ro\/index.php?rest_route=%2Fwp%2Fv2%2Fmedia&parent=150"}],"curies":[{"name":"wp","href":"https:\/\/api.w.org\/{rel}","templated":true}]}}