{"id":154,"date":"2023-12-14T16:51:16","date_gmt":"2023-12-14T16:51:16","guid":{"rendered":"https:\/\/castel-templulcavalerilor.ro\/?page_id=154"},"modified":"2023-12-25T22:58:57","modified_gmt":"2023-12-25T22:58:57","slug":"turism","status":"publish","type":"page","link":"https:\/\/castel-templulcavalerilor.ro\/?page_id=154","title":{"rendered":"Turism"},"content":{"rendered":"\t\t<div data-elementor-type=\"wp-page\" data-elementor-id=\"154\" class=\"elementor elementor-154\" data-elementor-post-type=\"page\">\n\t\t\t\t\t\t\t<div class=\"elementor-element elementor-element-703f89a e-con-full e-flex e-con e-parent\" data-id=\"703f89a\" data-element_type=\"container\" data-settings=\"{&quot;content_width&quot;:&quot;full&quot;}\" data-core-v316-plus=\"true\">\n\t\t<div class=\"elementor-element elementor-element-08c7b7e e-con-full e-flex e-con e-child\" data-id=\"08c7b7e\" data-element_type=\"container\" data-settings=\"{&quot;content_width&quot;:&quot;full&quot;}\">\n\t\t<div class=\"elementor-element elementor-element-e62d86c e-flex e-con-boxed e-con e-child\" data-id=\"e62d86c\" data-element_type=\"container\" data-settings=\"{&quot;background_background&quot;:&quot;classic&quot;,&quot;content_width&quot;:&quot;boxed&quot;}\">\n\t\t\t\t\t<div class=\"e-con-inner\">\n\t\t<div class=\"elementor-element elementor-element-392c9da e-con-full e-flex e-con e-child\" data-id=\"392c9da\" data-element_type=\"container\" data-settings=\"{&quot;content_width&quot;:&quot;full&quot;}\">\n\t\t\t\t<div class=\"elementor-element elementor-element-65af897 elementor-widget-divider--view-line elementor-widget elementor-widget-divider\" data-id=\"65af897\" data-element_type=\"widget\" data-widget_type=\"divider.default\">\n\t\t\t\t<div class=\"elementor-widget-container\">\n\t\t\t<style>\/*! elementor - v3.18.0 - 08-12-2023 *\/\n.elementor-widget-divider{--divider-border-style:none;--divider-border-width:1px;--divider-color:#0c0d0e;--divider-icon-size:20px;--divider-element-spacing:10px;--divider-pattern-height:24px;--divider-pattern-size:20px;--divider-pattern-url:none;--divider-pattern-repeat:repeat-x}.elementor-widget-divider .elementor-divider{display:flex}.elementor-widget-divider .elementor-divider__text{font-size:15px;line-height:1;max-width:95%}.elementor-widget-divider .elementor-divider__element{margin:0 var(--divider-element-spacing);flex-shrink:0}.elementor-widget-divider .elementor-icon{font-size:var(--divider-icon-size)}.elementor-widget-divider .elementor-divider-separator{display:flex;margin:0;direction:ltr}.elementor-widget-divider--view-line_icon .elementor-divider-separator,.elementor-widget-divider--view-line_text .elementor-divider-separator{align-items:center}.elementor-widget-divider--view-line_icon .elementor-divider-separator:after,.elementor-widget-divider--view-line_icon .elementor-divider-separator:before,.elementor-widget-divider--view-line_text .elementor-divider-separator:after,.elementor-widget-divider--view-line_text .elementor-divider-separator:before{display:block;content:\"\";border-bottom:0;flex-grow:1;border-top:var(--divider-border-width) var(--divider-border-style) var(--divider-color)}.elementor-widget-divider--element-align-left .elementor-divider .elementor-divider-separator>.elementor-divider__svg:first-of-type{flex-grow:0;flex-shrink:100}.elementor-widget-divider--element-align-left .elementor-divider-separator:before{content:none}.elementor-widget-divider--element-align-left .elementor-divider__element{margin-left:0}.elementor-widget-divider--element-align-right .elementor-divider .elementor-divider-separator>.elementor-divider__svg:last-of-type{flex-grow:0;flex-shrink:100}.elementor-widget-divider--element-align-right .elementor-divider-separator:after{content:none}.elementor-widget-divider--element-align-right .elementor-divider__element{margin-right:0}.elementor-widget-divider:not(.elementor-widget-divider--view-line_text):not(.elementor-widget-divider--view-line_icon) .elementor-divider-separator{border-top:var(--divider-border-width) var(--divider-border-style) var(--divider-color)}.elementor-widget-divider--separator-type-pattern{--divider-border-style:none}.elementor-widget-divider--separator-type-pattern.elementor-widget-divider--view-line .elementor-divider-separator,.elementor-widget-divider--separator-type-pattern:not(.elementor-widget-divider--view-line) .elementor-divider-separator:after,.elementor-widget-divider--separator-type-pattern:not(.elementor-widget-divider--view-line) .elementor-divider-separator:before,.elementor-widget-divider--separator-type-pattern:not([class*=elementor-widget-divider--view]) .elementor-divider-separator{width:100%;min-height:var(--divider-pattern-height);-webkit-mask-size:var(--divider-pattern-size) 100%;mask-size:var(--divider-pattern-size) 100%;-webkit-mask-repeat:var(--divider-pattern-repeat);mask-repeat:var(--divider-pattern-repeat);background-color:var(--divider-color);-webkit-mask-image:var(--divider-pattern-url);mask-image:var(--divider-pattern-url)}.elementor-widget-divider--no-spacing{--divider-pattern-size:auto}.elementor-widget-divider--bg-round{--divider-pattern-repeat:round}.rtl .elementor-widget-divider .elementor-divider__text{direction:rtl}.e-con-inner>.elementor-widget-divider,.e-con>.elementor-widget-divider{width:var(--container-widget-width,100%);--flex-grow:var(--container-widget-flex-grow)}<\/style>\t\t<div class=\"elementor-divider\">\n\t\t\t<span class=\"elementor-divider-separator\">\n\t\t\t\t\t\t<\/span>\n\t\t<\/div>\n\t\t\t\t<\/div>\n\t\t\t\t<\/div>\n\t\t\t\t<div class=\"elementor-element elementor-element-e3f88d7 elementor-widget elementor-widget-heading\" data-id=\"e3f88d7\" data-element_type=\"widget\" data-widget_type=\"heading.default\">\n\t\t\t\t<div class=\"elementor-widget-container\">\n\t\t\t<style>\/*! elementor - v3.18.0 - 08-12-2023 *\/\n.elementor-heading-title{padding:0;margin:0;line-height:1}.elementor-widget-heading .elementor-heading-title[class*=elementor-size-]>a{color:inherit;font-size:inherit;line-height:inherit}.elementor-widget-heading .elementor-heading-title.elementor-size-small{font-size:15px}.elementor-widget-heading .elementor-heading-title.elementor-size-medium{font-size:19px}.elementor-widget-heading .elementor-heading-title.elementor-size-large{font-size:29px}.elementor-widget-heading .elementor-heading-title.elementor-size-xl{font-size:39px}.elementor-widget-heading .elementor-heading-title.elementor-size-xxl{font-size:59px}<\/style><h2 class=\"elementor-heading-title elementor-size-default\">Turism<\/h2>\t\t<\/div>\n\t\t\t\t<\/div>\n\t\t\t\t<\/div>\n\t\t<div class=\"elementor-element elementor-element-f72c1ae e-con-full elementor-hidden-mobile e-flex e-con e-child\" data-id=\"f72c1ae\" data-element_type=\"container\" data-settings=\"{&quot;content_width&quot;:&quot;full&quot;}\">\n\t\t\t\t<\/div>\n\t\t\t\t\t<\/div>\n\t\t\t\t<\/div>\n\t\t\t\t<\/div>\n\t\t\t\t<\/div>\n\t\t\t\t<section class=\"elementor-section elementor-top-section elementor-element elementor-element-2d46267 elementor-section-content-middle elementor-section-boxed elementor-section-height-default elementor-section-height-default\" data-id=\"2d46267\" data-element_type=\"section\" data-settings=\"{&quot;background_background&quot;:&quot;classic&quot;,&quot;_ha_eqh_enable&quot;:false}\">\n\t\t\t\t\t\t\t<div class=\"elementor-background-overlay\"><\/div>\n\t\t\t\t\t\t\t<div class=\"elementor-container elementor-column-gap-no\">\n\t\t\t\t\t<div class=\"elementor-column elementor-col-100 elementor-top-column elementor-element elementor-element-afb4a1b\" data-id=\"afb4a1b\" data-element_type=\"column\" data-settings=\"{&quot;background_background&quot;:&quot;classic&quot;}\">\n\t\t\t<div class=\"elementor-widget-wrap elementor-element-populated\">\n\t\t\t\t\t\t\t\t<section class=\"elementor-section elementor-inner-section elementor-element elementor-element-2d6c635 elementor-section-content-middle elementor-reverse-tablet elementor-section-boxed elementor-section-height-default elementor-section-height-default\" data-id=\"2d6c635\" data-element_type=\"section\" data-settings=\"{&quot;_ha_eqh_enable&quot;:false}\">\n\t\t\t\t\t\t<div class=\"elementor-container elementor-column-gap-wider\">\n\t\t\t\t\t<div class=\"elementor-column elementor-col-50 elementor-inner-column elementor-element elementor-element-2fe3bd3\" data-id=\"2fe3bd3\" data-element_type=\"column\">\n\t\t\t<div class=\"elementor-widget-wrap elementor-element-populated\">\n\t\t\t\t\t\t\t\t<section class=\"elementor-section elementor-inner-section elementor-element elementor-element-18370d3 elementor-section-full_width elementor-section-height-default elementor-section-height-default\" data-id=\"18370d3\" data-element_type=\"section\" data-settings=\"{&quot;_ha_eqh_enable&quot;:false}\">\n\t\t\t\t\t\t<div class=\"elementor-container elementor-column-gap-no\">\n\t\t\t\t\t<div class=\"elementor-column elementor-col-100 elementor-inner-column elementor-element elementor-element-afcd7b3\" data-id=\"afcd7b3\" data-element_type=\"column\">\n\t\t\t<div class=\"elementor-widget-wrap elementor-element-populated\">\n\t\t\t\t\t\t\t\t<div class=\"elementor-element elementor-element-1901075 elementor-invisible elementor-widget elementor-widget-image\" data-id=\"1901075\" data-element_type=\"widget\" data-settings=\"{&quot;_animation&quot;:&quot;fadeIn&quot;,&quot;_animation_delay&quot;:100}\" data-widget_type=\"image.default\">\n\t\t\t\t<div class=\"elementor-widget-container\">\n\t\t\t<style>\/*! elementor - v3.18.0 - 08-12-2023 *\/\n.elementor-widget-image{text-align:center}.elementor-widget-image a{display:inline-block}.elementor-widget-image a img[src$=\".svg\"]{width:48px}.elementor-widget-image img{vertical-align:middle;display:inline-block}<\/style>\t\t\t\t\t\t\t\t\t\t\t\t\t<a href=\"https:\/\/castel-templulcavalerilor.ro\/wp-content\/uploads\/2023\/12\/poza3-1.jpg\" data-elementor-open-lightbox=\"yes\" data-elementor-lightbox-title=\"poza3\" data-e-action-hash=\"#elementor-action%3Aaction%3Dlightbox%26settings%3DeyJpZCI6MzE0LCJ1cmwiOiJodHRwczpcL1wvY2FzdGVsLXRlbXBsdWxjYXZhbGVyaWxvci5yb1wvd3AtY29udGVudFwvdXBsb2Fkc1wvMjAyM1wvMTJcL3BvemEzLTEuanBnIn0%3D\">\n\t\t\t\t\t\t\t<img decoding=\"async\" src=\"https:\/\/castel-templulcavalerilor.ro\/wp-content\/uploads\/elementor\/thumbs\/poza3-1-qgubfq4t7x0pegj6uw6jye6k8s5fsjgcooq0b423so.jpg\" title=\"poza3\" alt=\"poza3\" loading=\"lazy\" \/>\t\t\t\t\t\t\t\t<\/a>\n\t\t\t\t\t\t\t\t\t\t\t\t\t\t\t<\/div>\n\t\t\t\t<\/div>\n\t\t\t\t<div class=\"elementor-element elementor-element-dbdabed elementor-hidden-mobile elementor-invisible elementor-widget elementor-widget-image\" data-id=\"dbdabed\" data-element_type=\"widget\" data-settings=\"{&quot;_animation&quot;:&quot;fadeIn&quot;,&quot;_animation_delay&quot;:150}\" data-widget_type=\"image.default\">\n\t\t\t\t<div class=\"elementor-widget-container\">\n\t\t\t\t\t\t\t\t\t\t\t\t\t\t\t\t<a href=\"https:\/\/castel-templulcavalerilor.ro\/wp-content\/uploads\/2023\/12\/poza_tabere-scaled.jpg\" data-elementor-open-lightbox=\"yes\" data-elementor-lightbox-title=\"poza_tabere\" data-e-action-hash=\"#elementor-action%3Aaction%3Dlightbox%26settings%3DeyJpZCI6MzE1LCJ1cmwiOiJodHRwczpcL1wvY2FzdGVsLXRlbXBsdWxjYXZhbGVyaWxvci5yb1wvd3AtY29udGVudFwvdXBsb2Fkc1wvMjAyM1wvMTJcL3BvemFfdGFiZXJlLXNjYWxlZC5qcGcifQ%3D%3D\">\n\t\t\t\t\t\t\t<img fetchpriority=\"high\" decoding=\"async\" width=\"2560\" height=\"1707\" src=\"https:\/\/castel-templulcavalerilor.ro\/wp-content\/uploads\/2023\/12\/poza_tabere-scaled.jpg\" class=\"attachment-full size-full wp-image-315\" alt=\"\" srcset=\"https:\/\/castel-templulcavalerilor.ro\/wp-content\/uploads\/2023\/12\/poza_tabere-scaled.jpg 2560w, https:\/\/castel-templulcavalerilor.ro\/wp-content\/uploads\/2023\/12\/poza_tabere-300x200.jpg 300w, https:\/\/castel-templulcavalerilor.ro\/wp-content\/uploads\/2023\/12\/poza_tabere-1024x683.jpg 1024w, https:\/\/castel-templulcavalerilor.ro\/wp-content\/uploads\/2023\/12\/poza_tabere-768x512.jpg 768w, https:\/\/castel-templulcavalerilor.ro\/wp-content\/uploads\/2023\/12\/poza_tabere-1536x1024.jpg 1536w, https:\/\/castel-templulcavalerilor.ro\/wp-content\/uploads\/2023\/12\/poza_tabere-2048x1365.jpg 2048w\" sizes=\"(max-width: 2560px) 100vw, 2560px\" \/>\t\t\t\t\t\t\t\t<\/a>\n\t\t\t\t\t\t\t\t\t\t\t\t\t\t\t<\/div>\n\t\t\t\t<\/div>\n\t\t\t\t\t<\/div>\n\t\t<\/div>\n\t\t\t\t\t\t\t<\/div>\n\t\t<\/section>\n\t\t\t\t\t<\/div>\n\t\t<\/div>\n\t\t\t\t<div class=\"elementor-column elementor-col-50 elementor-inner-column elementor-element elementor-element-4e06a58\" data-id=\"4e06a58\" data-element_type=\"column\">\n\t\t\t<div class=\"elementor-widget-wrap elementor-element-populated\">\n\t\t\t\t\t\t\t\t<div class=\"elementor-element elementor-element-02b82d4 elementor-invisible elementor-widget elementor-widget-heading\" data-id=\"02b82d4\" data-element_type=\"widget\" data-settings=\"{&quot;_animation&quot;:&quot;fadeIn&quot;,&quot;_animation_delay&quot;:100}\" data-widget_type=\"heading.default\">\n\t\t\t\t<div class=\"elementor-widget-container\">\n\t\t\t<h4 class=\"elementor-heading-title elementor-size-default\">Minunile naturii<\/h4>\t\t<\/div>\n\t\t\t\t<\/div>\n\t\t\t\t<div class=\"elementor-element elementor-element-5e88c67 elementor-widget-divider--view-line elementor-widget elementor-widget-divider\" data-id=\"5e88c67\" data-element_type=\"widget\" data-widget_type=\"divider.default\">\n\t\t\t\t<div class=\"elementor-widget-container\">\n\t\t\t\t\t<div class=\"elementor-divider\">\n\t\t\t<span class=\"elementor-divider-separator\">\n\t\t\t\t\t\t<\/span>\n\t\t<\/div>\n\t\t\t\t<\/div>\n\t\t\t\t<\/div>\n\t\t\t\t<div class=\"elementor-element elementor-element-647bfbd elementor-widget elementor-widget-text-editor\" data-id=\"647bfbd\" data-element_type=\"widget\" data-widget_type=\"text-editor.default\">\n\t\t\t\t<div class=\"elementor-widget-container\">\n\t\t\t<style>\/*! elementor - v3.18.0 - 08-12-2023 *\/\n.elementor-widget-text-editor.elementor-drop-cap-view-stacked .elementor-drop-cap{background-color:#69727d;color:#fff}.elementor-widget-text-editor.elementor-drop-cap-view-framed .elementor-drop-cap{color:#69727d;border:3px solid;background-color:transparent}.elementor-widget-text-editor:not(.elementor-drop-cap-view-default) .elementor-drop-cap{margin-top:8px}.elementor-widget-text-editor:not(.elementor-drop-cap-view-default) .elementor-drop-cap-letter{width:1em;height:1em}.elementor-widget-text-editor .elementor-drop-cap{float:left;text-align:center;line-height:1;font-size:50px}.elementor-widget-text-editor .elementor-drop-cap-letter{display:inline-block}<\/style>\t\t\t\t<p>Rezerva\u021bia Natural\u0103 &#8211; <a href=\"https:\/\/ro.wikipedia.org\/wiki\/Cheile_V%C4%83li%C8%99oarei\">Cheile V\u0103li\u0219oarei<\/a> sunt numite \u0219i Cheile Aiudului sau Cheile Poienii \u0219i alc\u0103tuiesc o arie protejat\u0103 de interes na\u021bional ce corespund categoriei a IV-a IUCN &#8211; rezerva\u021bie natural\u0103 de tip botanic \u0219i geologic. Cheile sunt situate \u00een estul Mun\u021bilor Trasc\u0103u, \u00een partea sudic\u0103 a Depresiunii Rimetea &#8211; altitudine maxim\u0103 779 m, minim\u0103 425 m, \u00een jude\u021bul Alba, pe teritoriul administrativ al comunei Livezile.<\/p>\n<p>Locul \u00een care este amplasat Castel \u201cTemplul Cavalerilor\u201d este ideal pentru drume\u0163ii \u015fi excursii de o zi la Cheile Turzii, Salina Turda, Pe\u015ftera Sc\u0103ri\u015foara, Cetatea Col\u0163e\u015fti, M\u0103n\u0103stirea R\u00e2me\u0163 \u015fi multe alte locuri de o frumuse\u0163e rar \u00eent\u00e2lnit\u0103.<\/p>\n<p>Zona este perfect\u0103 pentru a face alpinism \u015fi a efectua zboruri cu parapanta \u015fi deltaplanul. Pere\u0163ii abrup\u0163i ai Cheilor V\u0103li\u015foarei sunt de altfel marca\u0163i cu diverse trasee specifice concursurilor de alpinism. \u00cen fiecare sf\u00e2r\u015fit de s\u0103pt\u0103m\u00e2n\u0103, aici se antreneaz\u0103 numero\u015fi alpini\u015fti profesioni\u015fti, dar \u015fi amatori, precum \u015fi salvamonti\u015ftii ce particip\u0103 la Campionatul Na\u0163ional de Escalad\u0103.<\/p>\t\t\t\t\t\t<\/div>\n\t\t\t\t<\/div>\n\t\t\t\t\t<\/div>\n\t\t<\/div>\n\t\t\t\t\t\t\t<\/div>\n\t\t<\/section>\n\t\t\t\t\t<\/div>\n\t\t<\/div>\n\t\t\t\t\t\t\t<\/div>\n\t\t<\/section>\n\t\t\t\t\t\t\t<\/div>\n\t\t","protected":false},"excerpt":{"rendered":"<p>Turism Minunile naturii Rezerva\u021bia Natural\u0103 &#8211; Cheile V\u0103li\u0219oarei sunt numite \u0219i Cheile Aiudului sau Cheile Poienii \u0219i alc\u0103tuiesc o arie protejat\u0103 de interes na\u021bional ce corespund categoriei a IV-a IUCN &#8211; rezerva\u021bie natural\u0103 de tip botanic \u0219i geologic. Cheile sunt situate \u00een estul Mun\u021bilor Trasc\u0103u, \u00een partea sudic\u0103 a Depresiunii Rimetea &#8211; altitudine maxim\u0103 779 [&hellip;]<\/p>\n","protected":false},"author":1,"featured_media":0,"parent":0,"menu_order":0,"comment_status":"closed","ping_status":"closed","template":"","meta":{"footnotes":""},"class_list":["post-154","page","type-page","status-publish","hentry"],"yoast_head":"<!-- This site is optimized with the Yoast SEO plugin v21.7 - https:\/\/yoast.com\/wordpress\/plugins\/seo\/ -->\n<title>Turism - Castel Templul Cavalerilor<\/title>\n<meta name=\"description\" content=\"Mun\u021bii Trasc\u0103u atrac\u021bia turistic\u0103, din Cheile V\u0103li\u0219oarei, de neratat pentru iubitorii de natur\u0103 \u0219i aventur\u0103.\" \/>\n<meta name=\"robots\" content=\"index, follow, max-snippet:-1, max-image-preview:large, max-video-preview:-1\" \/>\n<link rel=\"canonical\" href=\"https:\/\/castel-templulcavalerilor.ro\/?page_id=154\" \/>\n<meta property=\"og:locale\" content=\"ro_RO\" \/>\n<meta property=\"og:type\" content=\"article\" \/>\n<meta property=\"og:title\" content=\"Turism - Castel Templul Cavalerilor\" \/>\n<meta property=\"og:description\" content=\"Mun\u021bii Trasc\u0103u atrac\u021bia turistic\u0103, din Cheile V\u0103li\u0219oarei, de neratat pentru iubitorii de natur\u0103 \u0219i aventur\u0103.\" \/>\n<meta property=\"og:url\" content=\"https:\/\/castel-templulcavalerilor.ro\/?page_id=154\" \/>\n<meta property=\"og:site_name\" content=\"Castel Templul Cavalerilor\" \/>\n<meta property=\"article:modified_time\" content=\"2023-12-25T22:58:57+00:00\" \/>\n<meta property=\"og:image\" content=\"https:\/\/castel-templulcavalerilor.ro\/wp-content\/uploads\/elementor\/thumbs\/poza3-1-qgubfq4t7x0pegj6uw6jye6k8s5fsjgcooq0b423so.jpg\" \/>\n<meta name=\"twitter:card\" content=\"summary_large_image\" \/>\n<meta name=\"twitter:label1\" content=\"Timp estimat pentru citire\" \/>\n\t<meta name=\"twitter:data1\" content=\"2 minute\" \/>\n<script type=\"application\/ld+json\" class=\"yoast-schema-graph\">{\"@context\":\"https:\/\/schema.org\",\"@graph\":[{\"@type\":\"WebPage\",\"@id\":\"https:\/\/castel-templulcavalerilor.ro\/?page_id=154\",\"url\":\"https:\/\/castel-templulcavalerilor.ro\/?page_id=154\",\"name\":\"Turism - Castel Templul Cavalerilor\",\"isPartOf\":{\"@id\":\"https:\/\/castel-templulcavalerilor.ro\/#website\"},\"datePublished\":\"2023-12-14T16:51:16+00:00\",\"dateModified\":\"2023-12-25T22:58:57+00:00\",\"description\":\"Mun\u021bii Trasc\u0103u atrac\u021bia turistic\u0103, din Cheile V\u0103li\u0219oarei, de neratat pentru iubitorii de natur\u0103 \u0219i aventur\u0103.\",\"breadcrumb\":{\"@id\":\"https:\/\/castel-templulcavalerilor.ro\/?page_id=154#breadcrumb\"},\"inLanguage\":\"ro-RO\",\"potentialAction\":[{\"@type\":\"ReadAction\",\"target\":[\"https:\/\/castel-templulcavalerilor.ro\/?page_id=154\"]}]},{\"@type\":\"BreadcrumbList\",\"@id\":\"https:\/\/castel-templulcavalerilor.ro\/?page_id=154#breadcrumb\",\"itemListElement\":[{\"@type\":\"ListItem\",\"position\":1,\"name\":\"Prima pagin\u0103\",\"item\":\"https:\/\/castel-templulcavalerilor.ro\/\"},{\"@type\":\"ListItem\",\"position\":2,\"name\":\"Turism\"}]},{\"@type\":\"WebSite\",\"@id\":\"https:\/\/castel-templulcavalerilor.ro\/#website\",\"url\":\"https:\/\/castel-templulcavalerilor.ro\/\",\"name\":\"Castel Templul Cavalerilor\",\"description\":\"Castel Templul Cavalerilor\",\"publisher\":{\"@id\":\"https:\/\/castel-templulcavalerilor.ro\/#organization\"},\"potentialAction\":[{\"@type\":\"SearchAction\",\"target\":{\"@type\":\"EntryPoint\",\"urlTemplate\":\"https:\/\/castel-templulcavalerilor.ro\/?s={search_term_string}\"},\"query-input\":\"required name=search_term_string\"}],\"inLanguage\":\"ro-RO\"},{\"@type\":\"Organization\",\"@id\":\"https:\/\/castel-templulcavalerilor.ro\/#organization\",\"name\":\"Castel Templul Cavalerilor\",\"url\":\"https:\/\/castel-templulcavalerilor.ro\/\",\"logo\":{\"@type\":\"ImageObject\",\"inLanguage\":\"ro-RO\",\"@id\":\"https:\/\/castel-templulcavalerilor.ro\/#\/schema\/logo\/image\/\",\"url\":\"https:\/\/castel-templulcavalerilor.ro\/wp-content\/uploads\/2023\/12\/Logo_castel.png\",\"contentUrl\":\"https:\/\/castel-templulcavalerilor.ro\/wp-content\/uploads\/2023\/12\/Logo_castel.png\",\"width\":156,\"height\":156,\"caption\":\"Castel Templul Cavalerilor\"},\"image\":{\"@id\":\"https:\/\/castel-templulcavalerilor.ro\/#\/schema\/logo\/image\/\"}}]}<\/script>\n<!-- \/ Yoast SEO plugin. -->","yoast_head_json":{"title":"Turism - Castel Templul Cavalerilor","description":"Mun\u021bii Trasc\u0103u atrac\u021bia turistic\u0103, din Cheile V\u0103li\u0219oarei, de neratat pentru iubitorii de natur\u0103 \u0219i aventur\u0103.","robots":{"index":"index","follow":"follow","max-snippet":"max-snippet:-1","max-image-preview":"max-image-preview:large","max-video-preview":"max-video-preview:-1"},"canonical":"https:\/\/castel-templulcavalerilor.ro\/?page_id=154","og_locale":"ro_RO","og_type":"article","og_title":"Turism - Castel Templul Cavalerilor","og_description":"Mun\u021bii Trasc\u0103u atrac\u021bia turistic\u0103, din Cheile V\u0103li\u0219oarei, de neratat pentru iubitorii de natur\u0103 \u0219i aventur\u0103.","og_url":"https:\/\/castel-templulcavalerilor.ro\/?page_id=154","og_site_name":"Castel Templul Cavalerilor","article_modified_time":"2023-12-25T22:58:57+00:00","og_image":[{"url":"https:\/\/castel-templulcavalerilor.ro\/wp-content\/uploads\/elementor\/thumbs\/poza3-1-qgubfq4t7x0pegj6uw6jye6k8s5fsjgcooq0b423so.jpg"}],"twitter_card":"summary_large_image","twitter_misc":{"Timp estimat pentru citire":"2 minute"},"schema":{"@context":"https:\/\/schema.org","@graph":[{"@type":"WebPage","@id":"https:\/\/castel-templulcavalerilor.ro\/?page_id=154","url":"https:\/\/castel-templulcavalerilor.ro\/?page_id=154","name":"Turism - Castel Templul Cavalerilor","isPartOf":{"@id":"https:\/\/castel-templulcavalerilor.ro\/#website"},"datePublished":"2023-12-14T16:51:16+00:00","dateModified":"2023-12-25T22:58:57+00:00","description":"Mun\u021bii Trasc\u0103u atrac\u021bia turistic\u0103, din Cheile V\u0103li\u0219oarei, de neratat pentru iubitorii de natur\u0103 \u0219i aventur\u0103.","breadcrumb":{"@id":"https:\/\/castel-templulcavalerilor.ro\/?page_id=154#breadcrumb"},"inLanguage":"ro-RO","potentialAction":[{"@type":"ReadAction","target":["https:\/\/castel-templulcavalerilor.ro\/?page_id=154"]}]},{"@type":"BreadcrumbList","@id":"https:\/\/castel-templulcavalerilor.ro\/?page_id=154#breadcrumb","itemListElement":[{"@type":"ListItem","position":1,"name":"Prima pagin\u0103","item":"https:\/\/castel-templulcavalerilor.ro\/"},{"@type":"ListItem","position":2,"name":"Turism"}]},{"@type":"WebSite","@id":"https:\/\/castel-templulcavalerilor.ro\/#website","url":"https:\/\/castel-templulcavalerilor.ro\/","name":"Castel Templul Cavalerilor","description":"Castel Templul Cavalerilor","publisher":{"@id":"https:\/\/castel-templulcavalerilor.ro\/#organization"},"potentialAction":[{"@type":"SearchAction","target":{"@type":"EntryPoint","urlTemplate":"https:\/\/castel-templulcavalerilor.ro\/?s={search_term_string}"},"query-input":"required name=search_term_string"}],"inLanguage":"ro-RO"},{"@type":"Organization","@id":"https:\/\/castel-templulcavalerilor.ro\/#organization","name":"Castel Templul Cavalerilor","url":"https:\/\/castel-templulcavalerilor.ro\/","logo":{"@type":"ImageObject","inLanguage":"ro-RO","@id":"https:\/\/castel-templulcavalerilor.ro\/#\/schema\/logo\/image\/","url":"https:\/\/castel-templulcavalerilor.ro\/wp-content\/uploads\/2023\/12\/Logo_castel.png","contentUrl":"https:\/\/castel-templulcavalerilor.ro\/wp-content\/uploads\/2023\/12\/Logo_castel.png","width":156,"height":156,"caption":"Castel Templul Cavalerilor"},"image":{"@id":"https:\/\/castel-templulcavalerilor.ro\/#\/schema\/logo\/image\/"}}]}},"_links":{"self":[{"href":"https:\/\/castel-templulcavalerilor.ro\/index.php?rest_route=\/wp\/v2\/pages\/154","targetHints":{"allow":["GET"]}}],"collection":[{"href":"https:\/\/castel-templulcavalerilor.ro\/index.php?rest_route=\/wp\/v2\/pages"}],"about":[{"href":"https:\/\/castel-templulcavalerilor.ro\/index.php?rest_route=\/wp\/v2\/types\/page"}],"author":[{"embeddable":true,"href":"https:\/\/castel-templulcavalerilor.ro\/index.php?rest_route=\/wp\/v2\/users\/1"}],"replies":[{"embeddable":true,"href":"https:\/\/castel-templulcavalerilor.ro\/index.php?rest_route=%2Fwp%2Fv2%2Fcomments&post=154"}],"version-history":[{"count":28,"href":"https:\/\/castel-templulcavalerilor.ro\/index.php?rest_route=\/wp\/v2\/pages\/154\/revisions"}],"predecessor-version":[{"id":565,"href":"https:\/\/castel-templulcavalerilor.ro\/index.php?rest_route=\/wp\/v2\/pages\/154\/revisions\/565"}],"wp:attachment":[{"href":"https:\/\/castel-templulcavalerilor.ro\/index.php?rest_route=%2Fwp%2Fv2%2Fmedia&parent=154"}],"curies":[{"name":"wp","href":"https:\/\/api.w.org\/{rel}","templated":true}]}}