{"id":336,"date":"2023-12-15T10:16:12","date_gmt":"2023-12-15T10:16:12","guid":{"rendered":"https:\/\/castel-templulcavalerilor.ro\/?page_id=336"},"modified":"2023-12-25T22:57:40","modified_gmt":"2023-12-25T22:57:40","slug":"evenimente-2","status":"publish","type":"page","link":"https:\/\/castel-templulcavalerilor.ro\/?page_id=336","title":{"rendered":"Evenimente"},"content":{"rendered":"\t\t<div data-elementor-type=\"wp-page\" data-elementor-id=\"336\" class=\"elementor elementor-336\" data-elementor-post-type=\"page\">\n\t\t\t\t\t\t\t<div class=\"elementor-element elementor-element-58e6b77 e-con-full e-flex e-con e-parent\" data-id=\"58e6b77\" data-element_type=\"container\" data-settings=\"{&quot;content_width&quot;:&quot;full&quot;}\" data-core-v316-plus=\"true\">\n\t\t<div class=\"elementor-element elementor-element-e1c33fe e-flex e-con-boxed e-con e-child\" data-id=\"e1c33fe\" data-element_type=\"container\" data-settings=\"{&quot;background_background&quot;:&quot;classic&quot;,&quot;content_width&quot;:&quot;boxed&quot;}\">\n\t\t\t\t\t<div class=\"e-con-inner\">\n\t\t<div class=\"elementor-element elementor-element-cbc274c e-con-full e-flex e-con e-child\" data-id=\"cbc274c\" data-element_type=\"container\" data-settings=\"{&quot;content_width&quot;:&quot;full&quot;}\">\n\t\t\t\t<div class=\"elementor-element elementor-element-6af2ca8 elementor-widget-divider--view-line elementor-widget elementor-widget-divider\" data-id=\"6af2ca8\" data-element_type=\"widget\" data-widget_type=\"divider.default\">\n\t\t\t\t<div class=\"elementor-widget-container\">\n\t\t\t<style>\/*! elementor - v3.18.0 - 08-12-2023 *\/\n.elementor-widget-divider{--divider-border-style:none;--divider-border-width:1px;--divider-color:#0c0d0e;--divider-icon-size:20px;--divider-element-spacing:10px;--divider-pattern-height:24px;--divider-pattern-size:20px;--divider-pattern-url:none;--divider-pattern-repeat:repeat-x}.elementor-widget-divider .elementor-divider{display:flex}.elementor-widget-divider .elementor-divider__text{font-size:15px;line-height:1;max-width:95%}.elementor-widget-divider .elementor-divider__element{margin:0 var(--divider-element-spacing);flex-shrink:0}.elementor-widget-divider .elementor-icon{font-size:var(--divider-icon-size)}.elementor-widget-divider .elementor-divider-separator{display:flex;margin:0;direction:ltr}.elementor-widget-divider--view-line_icon .elementor-divider-separator,.elementor-widget-divider--view-line_text .elementor-divider-separator{align-items:center}.elementor-widget-divider--view-line_icon .elementor-divider-separator:after,.elementor-widget-divider--view-line_icon .elementor-divider-separator:before,.elementor-widget-divider--view-line_text .elementor-divider-separator:after,.elementor-widget-divider--view-line_text .elementor-divider-separator:before{display:block;content:\"\";border-bottom:0;flex-grow:1;border-top:var(--divider-border-width) var(--divider-border-style) var(--divider-color)}.elementor-widget-divider--element-align-left .elementor-divider .elementor-divider-separator>.elementor-divider__svg:first-of-type{flex-grow:0;flex-shrink:100}.elementor-widget-divider--element-align-left .elementor-divider-separator:before{content:none}.elementor-widget-divider--element-align-left .elementor-divider__element{margin-left:0}.elementor-widget-divider--element-align-right .elementor-divider .elementor-divider-separator>.elementor-divider__svg:last-of-type{flex-grow:0;flex-shrink:100}.elementor-widget-divider--element-align-right .elementor-divider-separator:after{content:none}.elementor-widget-divider--element-align-right .elementor-divider__element{margin-right:0}.elementor-widget-divider:not(.elementor-widget-divider--view-line_text):not(.elementor-widget-divider--view-line_icon) .elementor-divider-separator{border-top:var(--divider-border-width) var(--divider-border-style) var(--divider-color)}.elementor-widget-divider--separator-type-pattern{--divider-border-style:none}.elementor-widget-divider--separator-type-pattern.elementor-widget-divider--view-line .elementor-divider-separator,.elementor-widget-divider--separator-type-pattern:not(.elementor-widget-divider--view-line) .elementor-divider-separator:after,.elementor-widget-divider--separator-type-pattern:not(.elementor-widget-divider--view-line) .elementor-divider-separator:before,.elementor-widget-divider--separator-type-pattern:not([class*=elementor-widget-divider--view]) .elementor-divider-separator{width:100%;min-height:var(--divider-pattern-height);-webkit-mask-size:var(--divider-pattern-size) 100%;mask-size:var(--divider-pattern-size) 100%;-webkit-mask-repeat:var(--divider-pattern-repeat);mask-repeat:var(--divider-pattern-repeat);background-color:var(--divider-color);-webkit-mask-image:var(--divider-pattern-url);mask-image:var(--divider-pattern-url)}.elementor-widget-divider--no-spacing{--divider-pattern-size:auto}.elementor-widget-divider--bg-round{--divider-pattern-repeat:round}.rtl .elementor-widget-divider .elementor-divider__text{direction:rtl}.e-con-inner>.elementor-widget-divider,.e-con>.elementor-widget-divider{width:var(--container-widget-width,100%);--flex-grow:var(--container-widget-flex-grow)}<\/style>\t\t<div class=\"elementor-divider\">\n\t\t\t<span class=\"elementor-divider-separator\">\n\t\t\t\t\t\t<\/span>\n\t\t<\/div>\n\t\t\t\t<\/div>\n\t\t\t\t<\/div>\n\t\t\t\t<div class=\"elementor-element elementor-element-c8afb6d elementor-widget elementor-widget-heading\" data-id=\"c8afb6d\" data-element_type=\"widget\" data-widget_type=\"heading.default\">\n\t\t\t\t<div class=\"elementor-widget-container\">\n\t\t\t<style>\/*! elementor - v3.18.0 - 08-12-2023 *\/\n.elementor-heading-title{padding:0;margin:0;line-height:1}.elementor-widget-heading .elementor-heading-title[class*=elementor-size-]>a{color:inherit;font-size:inherit;line-height:inherit}.elementor-widget-heading .elementor-heading-title.elementor-size-small{font-size:15px}.elementor-widget-heading .elementor-heading-title.elementor-size-medium{font-size:19px}.elementor-widget-heading .elementor-heading-title.elementor-size-large{font-size:29px}.elementor-widget-heading .elementor-heading-title.elementor-size-xl{font-size:39px}.elementor-widget-heading .elementor-heading-title.elementor-size-xxl{font-size:59px}<\/style><h2 class=\"elementor-heading-title elementor-size-default\">Evenimente<\/h2>\t\t<\/div>\n\t\t\t\t<\/div>\n\t\t\t\t<\/div>\n\t\t<div class=\"elementor-element elementor-element-e016c48 e-con-full elementor-hidden-mobile e-flex e-con e-child\" data-id=\"e016c48\" data-element_type=\"container\" data-settings=\"{&quot;content_width&quot;:&quot;full&quot;}\">\n\t\t\t\t<\/div>\n\t\t\t\t\t<\/div>\n\t\t\t\t<\/div>\n\t\t\t\t<\/div>\n\t\t\t\t<section class=\"elementor-section elementor-top-section elementor-element elementor-element-d05a62f elementor-section-content-middle elementor-section-boxed elementor-section-height-default elementor-section-height-default\" data-id=\"d05a62f\" data-element_type=\"section\" data-settings=\"{&quot;background_background&quot;:&quot;classic&quot;,&quot;_ha_eqh_enable&quot;:false}\">\n\t\t\t\t\t\t\t<div class=\"elementor-background-overlay\"><\/div>\n\t\t\t\t\t\t\t<div class=\"elementor-container elementor-column-gap-no\">\n\t\t\t\t\t<div class=\"elementor-column elementor-col-100 elementor-top-column elementor-element elementor-element-5463aba\" data-id=\"5463aba\" data-element_type=\"column\" data-settings=\"{&quot;background_background&quot;:&quot;classic&quot;}\">\n\t\t\t<div class=\"elementor-widget-wrap elementor-element-populated\">\n\t\t\t\t\t\t\t\t<section class=\"elementor-section elementor-inner-section elementor-element elementor-element-a83e6a5 elementor-section-content-middle elementor-reverse-tablet elementor-section-boxed elementor-section-height-default elementor-section-height-default\" data-id=\"a83e6a5\" data-element_type=\"section\" data-settings=\"{&quot;_ha_eqh_enable&quot;:false}\">\n\t\t\t\t\t\t<div class=\"elementor-container elementor-column-gap-wider\">\n\t\t\t\t\t<div class=\"elementor-column elementor-col-50 elementor-inner-column elementor-element elementor-element-d428fa5\" data-id=\"d428fa5\" data-element_type=\"column\">\n\t\t\t<div class=\"elementor-widget-wrap elementor-element-populated\">\n\t\t\t\t\t\t\t\t<div class=\"elementor-element elementor-element-4320987 elementor-widget elementor-widget-image\" data-id=\"4320987\" data-element_type=\"widget\" data-widget_type=\"image.default\">\n\t\t\t\t<div class=\"elementor-widget-container\">\n\t\t\t<style>\/*! elementor - v3.18.0 - 08-12-2023 *\/\n.elementor-widget-image{text-align:center}.elementor-widget-image a{display:inline-block}.elementor-widget-image a img[src$=\".svg\"]{width:48px}.elementor-widget-image img{vertical-align:middle;display:inline-block}<\/style>\t\t\t\t\t\t\t\t\t\t\t\t<img decoding=\"async\" src=\"https:\/\/castel-templulcavalerilor.ro\/wp-content\/uploads\/elementor\/thumbs\/poza_nunta-scaled-qgswp67c9cznrviu863fkntrbm35fps74yc0ba9q3c.jpg\" title=\"poza_nunta\" alt=\"poza_nunta\" loading=\"lazy\" \/>\t\t\t\t\t\t\t\t\t\t\t\t\t\t\t<\/div>\n\t\t\t\t<\/div>\n\t\t\t\t\t<\/div>\n\t\t<\/div>\n\t\t\t\t<div class=\"elementor-column elementor-col-50 elementor-inner-column elementor-element elementor-element-717d67c\" data-id=\"717d67c\" data-element_type=\"column\">\n\t\t\t<div class=\"elementor-widget-wrap elementor-element-populated\">\n\t\t\t\t\t\t\t\t<div class=\"elementor-element elementor-element-14e9524 elementor-invisible elementor-widget elementor-widget-heading\" data-id=\"14e9524\" data-element_type=\"widget\" data-settings=\"{&quot;_animation&quot;:&quot;fadeIn&quot;,&quot;_animation_delay&quot;:100}\" data-widget_type=\"heading.default\">\n\t\t\t\t<div class=\"elementor-widget-container\">\n\t\t\t<h4 class=\"elementor-heading-title elementor-size-default\">Destina\u021bie pentru evenimente \u0219i relaxare<\/h4>\t\t<\/div>\n\t\t\t\t<\/div>\n\t\t\t\t<div class=\"elementor-element elementor-element-6ca6c41 elementor-widget-divider--view-line elementor-widget elementor-widget-divider\" data-id=\"6ca6c41\" data-element_type=\"widget\" data-widget_type=\"divider.default\">\n\t\t\t\t<div class=\"elementor-widget-container\">\n\t\t\t\t\t<div class=\"elementor-divider\">\n\t\t\t<span class=\"elementor-divider-separator\">\n\t\t\t\t\t\t<\/span>\n\t\t<\/div>\n\t\t\t\t<\/div>\n\t\t\t\t<\/div>\n\t\t\t\t<div class=\"elementor-element elementor-element-be521d8 elementor-widget elementor-widget-text-editor\" data-id=\"be521d8\" data-element_type=\"widget\" data-widget_type=\"text-editor.default\">\n\t\t\t\t<div class=\"elementor-widget-container\">\n\t\t\t<style>\/*! elementor - v3.18.0 - 08-12-2023 *\/\n.elementor-widget-text-editor.elementor-drop-cap-view-stacked .elementor-drop-cap{background-color:#69727d;color:#fff}.elementor-widget-text-editor.elementor-drop-cap-view-framed .elementor-drop-cap{color:#69727d;border:3px solid;background-color:transparent}.elementor-widget-text-editor:not(.elementor-drop-cap-view-default) .elementor-drop-cap{margin-top:8px}.elementor-widget-text-editor:not(.elementor-drop-cap-view-default) .elementor-drop-cap-letter{width:1em;height:1em}.elementor-widget-text-editor .elementor-drop-cap{float:left;text-align:center;line-height:1;font-size:50px}.elementor-widget-text-editor .elementor-drop-cap-letter{display:inline-block}<\/style>\t\t\t\t<p>Castel \u201cTemplul Cavalerilor\u201d v\u0103 pune la dispozi\u0163ie o adev\u0103rat\u0103 oaz\u0103 de lini\u015fte \u015fi relaxare, \u00eentr-un ambient optim pentru evenimente business (teambuilding, conferin\u0163e, seminarii, cursuri, traininguri, workshopuri, lans\u0103ri de carte) sau familiale (nun\u0163i, botezuri, \u00eentruniri de familie) cu o capacitate de p\u00e2n\u0103 la 200 de persoane.<\/p><p>De asemenea, castelul mai dispune de o sal\u0103 de relaxare cu jocuri la dispozi\u0163ia oaspe\u0163ilor: \u015fah, rummy, table, c\u0103r\u0163i de joc, mas\u0103 de ping pong.<\/p><p>De un mare succes, se bucur\u0103 deja petrecerile tematice organizate aici precum \u201eHalloween la Castel\u201d, \u201eCr\u0103ciun la Castel\u201d, \u201eRevelion la Castel\u201d, precum \u0219i Balurile Cavalerilor \u015fi al Domni\u0163elor, \u00een cadrul c\u0103ruia turi\u015ftii pot \u00eembr\u0103ca \u0163inute medievale \u015fi se pot sim\u021bi ca la un castel legendar. Pe l\u00e2ng\u0103 acestea, sunt organizate periodic tabere tematice pentru copii, adolescen\u021bi \u0219i adul\u021bi.<\/p>\t\t\t\t\t\t<\/div>\n\t\t\t\t<\/div>\n\t\t\t\t\t<\/div>\n\t\t<\/div>\n\t\t\t\t\t\t\t<\/div>\n\t\t<\/section>\n\t\t\t\t\t<\/div>\n\t\t<\/div>\n\t\t\t\t\t\t\t<\/div>\n\t\t<\/section>\n\t\t\t\t\t\t\t<\/div>\n\t\t","protected":false},"excerpt":{"rendered":"<p>Evenimente Destina\u021bie pentru evenimente \u0219i relaxare Castel \u201cTemplul Cavalerilor\u201d v\u0103 pune la dispozi\u0163ie o adev\u0103rat\u0103 oaz\u0103 de lini\u015fte \u015fi relaxare, \u00eentr-un ambient optim pentru evenimente business (teambuilding, conferin\u0163e, seminarii, cursuri, traininguri, workshopuri, lans\u0103ri de carte) sau familiale (nun\u0163i, botezuri, \u00eentruniri de familie) cu o capacitate de p\u00e2n\u0103 la 200 de persoane. De asemenea, castelul mai [&hellip;]<\/p>\n","protected":false},"author":1,"featured_media":0,"parent":0,"menu_order":0,"comment_status":"closed","ping_status":"closed","template":"elementor_header_footer","meta":{"footnotes":""},"class_list":["post-336","page","type-page","status-publish","hentry"],"yoast_head":"<!-- This site is optimized with the Yoast SEO plugin v21.7 - https:\/\/yoast.com\/wordpress\/plugins\/seo\/ -->\n<title>Evenimente - Castel Templul Cavalerilor<\/title>\n<meta name=\"description\" content=\"Evenimente la Castelul Templul Cavalerilor - Castelul este loca\u021bia ideal\u0103 pentru evenimente business \u0219i familiale.\" \/>\n<meta name=\"robots\" content=\"index, follow, max-snippet:-1, max-image-preview:large, max-video-preview:-1\" \/>\n<link rel=\"canonical\" href=\"https:\/\/castel-templulcavalerilor.ro\/?page_id=336\" \/>\n<meta property=\"og:locale\" content=\"ro_RO\" \/>\n<meta property=\"og:type\" content=\"article\" \/>\n<meta property=\"og:title\" content=\"Evenimente - Castel Templul Cavalerilor\" \/>\n<meta property=\"og:description\" content=\"Evenimente la Castelul Templul Cavalerilor - Castelul este loca\u021bia ideal\u0103 pentru evenimente business \u0219i familiale.\" \/>\n<meta property=\"og:url\" content=\"https:\/\/castel-templulcavalerilor.ro\/?page_id=336\" \/>\n<meta property=\"og:site_name\" content=\"Castel Templul Cavalerilor\" \/>\n<meta property=\"article:modified_time\" content=\"2023-12-25T22:57:40+00:00\" \/>\n<meta property=\"og:image\" content=\"https:\/\/castel-templulcavalerilor.ro\/wp-content\/uploads\/elementor\/thumbs\/poza_nunta-scaled-qgswp67c9cznrviu863fkntrbm35fps74yc0ba9q3c.jpg\" \/>\n<meta name=\"twitter:card\" content=\"summary_large_image\" \/>\n<meta name=\"twitter:label1\" content=\"Timp estimat pentru citire\" \/>\n\t<meta name=\"twitter:data1\" content=\"1 minut\" \/>\n<script type=\"application\/ld+json\" class=\"yoast-schema-graph\">{\"@context\":\"https:\/\/schema.org\",\"@graph\":[{\"@type\":\"WebPage\",\"@id\":\"https:\/\/castel-templulcavalerilor.ro\/?page_id=336\",\"url\":\"https:\/\/castel-templulcavalerilor.ro\/?page_id=336\",\"name\":\"Evenimente - Castel Templul Cavalerilor\",\"isPartOf\":{\"@id\":\"https:\/\/castel-templulcavalerilor.ro\/#website\"},\"datePublished\":\"2023-12-15T10:16:12+00:00\",\"dateModified\":\"2023-12-25T22:57:40+00:00\",\"description\":\"Evenimente la Castelul Templul Cavalerilor - Castelul este loca\u021bia ideal\u0103 pentru evenimente business \u0219i familiale.\",\"breadcrumb\":{\"@id\":\"https:\/\/castel-templulcavalerilor.ro\/?page_id=336#breadcrumb\"},\"inLanguage\":\"ro-RO\",\"potentialAction\":[{\"@type\":\"ReadAction\",\"target\":[\"https:\/\/castel-templulcavalerilor.ro\/?page_id=336\"]}]},{\"@type\":\"BreadcrumbList\",\"@id\":\"https:\/\/castel-templulcavalerilor.ro\/?page_id=336#breadcrumb\",\"itemListElement\":[{\"@type\":\"ListItem\",\"position\":1,\"name\":\"Prima pagin\u0103\",\"item\":\"https:\/\/castel-templulcavalerilor.ro\/\"},{\"@type\":\"ListItem\",\"position\":2,\"name\":\"Evenimente\"}]},{\"@type\":\"WebSite\",\"@id\":\"https:\/\/castel-templulcavalerilor.ro\/#website\",\"url\":\"https:\/\/castel-templulcavalerilor.ro\/\",\"name\":\"Castel Templul Cavalerilor\",\"description\":\"Castel Templul Cavalerilor\",\"publisher\":{\"@id\":\"https:\/\/castel-templulcavalerilor.ro\/#organization\"},\"potentialAction\":[{\"@type\":\"SearchAction\",\"target\":{\"@type\":\"EntryPoint\",\"urlTemplate\":\"https:\/\/castel-templulcavalerilor.ro\/?s={search_term_string}\"},\"query-input\":\"required name=search_term_string\"}],\"inLanguage\":\"ro-RO\"},{\"@type\":\"Organization\",\"@id\":\"https:\/\/castel-templulcavalerilor.ro\/#organization\",\"name\":\"Castel Templul Cavalerilor\",\"url\":\"https:\/\/castel-templulcavalerilor.ro\/\",\"logo\":{\"@type\":\"ImageObject\",\"inLanguage\":\"ro-RO\",\"@id\":\"https:\/\/castel-templulcavalerilor.ro\/#\/schema\/logo\/image\/\",\"url\":\"https:\/\/castel-templulcavalerilor.ro\/wp-content\/uploads\/2023\/12\/Logo_castel.png\",\"contentUrl\":\"https:\/\/castel-templulcavalerilor.ro\/wp-content\/uploads\/2023\/12\/Logo_castel.png\",\"width\":156,\"height\":156,\"caption\":\"Castel Templul Cavalerilor\"},\"image\":{\"@id\":\"https:\/\/castel-templulcavalerilor.ro\/#\/schema\/logo\/image\/\"}}]}<\/script>\n<!-- \/ Yoast SEO plugin. -->","yoast_head_json":{"title":"Evenimente - Castel Templul Cavalerilor","description":"Evenimente la Castelul Templul Cavalerilor - Castelul este loca\u021bia ideal\u0103 pentru evenimente business \u0219i familiale.","robots":{"index":"index","follow":"follow","max-snippet":"max-snippet:-1","max-image-preview":"max-image-preview:large","max-video-preview":"max-video-preview:-1"},"canonical":"https:\/\/castel-templulcavalerilor.ro\/?page_id=336","og_locale":"ro_RO","og_type":"article","og_title":"Evenimente - Castel Templul Cavalerilor","og_description":"Evenimente la Castelul Templul Cavalerilor - Castelul este loca\u021bia ideal\u0103 pentru evenimente business \u0219i familiale.","og_url":"https:\/\/castel-templulcavalerilor.ro\/?page_id=336","og_site_name":"Castel Templul Cavalerilor","article_modified_time":"2023-12-25T22:57:40+00:00","og_image":[{"url":"https:\/\/castel-templulcavalerilor.ro\/wp-content\/uploads\/elementor\/thumbs\/poza_nunta-scaled-qgswp67c9cznrviu863fkntrbm35fps74yc0ba9q3c.jpg"}],"twitter_card":"summary_large_image","twitter_misc":{"Timp estimat pentru citire":"1 minut"},"schema":{"@context":"https:\/\/schema.org","@graph":[{"@type":"WebPage","@id":"https:\/\/castel-templulcavalerilor.ro\/?page_id=336","url":"https:\/\/castel-templulcavalerilor.ro\/?page_id=336","name":"Evenimente - Castel Templul Cavalerilor","isPartOf":{"@id":"https:\/\/castel-templulcavalerilor.ro\/#website"},"datePublished":"2023-12-15T10:16:12+00:00","dateModified":"2023-12-25T22:57:40+00:00","description":"Evenimente la Castelul Templul Cavalerilor - Castelul este loca\u021bia ideal\u0103 pentru evenimente business \u0219i familiale.","breadcrumb":{"@id":"https:\/\/castel-templulcavalerilor.ro\/?page_id=336#breadcrumb"},"inLanguage":"ro-RO","potentialAction":[{"@type":"ReadAction","target":["https:\/\/castel-templulcavalerilor.ro\/?page_id=336"]}]},{"@type":"BreadcrumbList","@id":"https:\/\/castel-templulcavalerilor.ro\/?page_id=336#breadcrumb","itemListElement":[{"@type":"ListItem","position":1,"name":"Prima pagin\u0103","item":"https:\/\/castel-templulcavalerilor.ro\/"},{"@type":"ListItem","position":2,"name":"Evenimente"}]},{"@type":"WebSite","@id":"https:\/\/castel-templulcavalerilor.ro\/#website","url":"https:\/\/castel-templulcavalerilor.ro\/","name":"Castel Templul Cavalerilor","description":"Castel Templul Cavalerilor","publisher":{"@id":"https:\/\/castel-templulcavalerilor.ro\/#organization"},"potentialAction":[{"@type":"SearchAction","target":{"@type":"EntryPoint","urlTemplate":"https:\/\/castel-templulcavalerilor.ro\/?s={search_term_string}"},"query-input":"required name=search_term_string"}],"inLanguage":"ro-RO"},{"@type":"Organization","@id":"https:\/\/castel-templulcavalerilor.ro\/#organization","name":"Castel Templul Cavalerilor","url":"https:\/\/castel-templulcavalerilor.ro\/","logo":{"@type":"ImageObject","inLanguage":"ro-RO","@id":"https:\/\/castel-templulcavalerilor.ro\/#\/schema\/logo\/image\/","url":"https:\/\/castel-templulcavalerilor.ro\/wp-content\/uploads\/2023\/12\/Logo_castel.png","contentUrl":"https:\/\/castel-templulcavalerilor.ro\/wp-content\/uploads\/2023\/12\/Logo_castel.png","width":156,"height":156,"caption":"Castel Templul Cavalerilor"},"image":{"@id":"https:\/\/castel-templulcavalerilor.ro\/#\/schema\/logo\/image\/"}}]}},"_links":{"self":[{"href":"https:\/\/castel-templulcavalerilor.ro\/index.php?rest_route=\/wp\/v2\/pages\/336","targetHints":{"allow":["GET"]}}],"collection":[{"href":"https:\/\/castel-templulcavalerilor.ro\/index.php?rest_route=\/wp\/v2\/pages"}],"about":[{"href":"https:\/\/castel-templulcavalerilor.ro\/index.php?rest_route=\/wp\/v2\/types\/page"}],"author":[{"embeddable":true,"href":"https:\/\/castel-templulcavalerilor.ro\/index.php?rest_route=\/wp\/v2\/users\/1"}],"replies":[{"embeddable":true,"href":"https:\/\/castel-templulcavalerilor.ro\/index.php?rest_route=%2Fwp%2Fv2%2Fcomments&post=336"}],"version-history":[{"count":28,"href":"https:\/\/castel-templulcavalerilor.ro\/index.php?rest_route=\/wp\/v2\/pages\/336\/revisions"}],"predecessor-version":[{"id":562,"href":"https:\/\/castel-templulcavalerilor.ro\/index.php?rest_route=\/wp\/v2\/pages\/336\/revisions\/562"}],"wp:attachment":[{"href":"https:\/\/castel-templulcavalerilor.ro\/index.php?rest_route=%2Fwp%2Fv2%2Fmedia&parent=336"}],"curies":[{"name":"wp","href":"https:\/\/api.w.org\/{rel}","templated":true}]}}